{"id":2608,"date":"2016-04-05T11:22:18","date_gmt":"2016-04-05T11:22:18","guid":{"rendered":"http:\/\/forcegym.hu\/start\/?page_id=2608"},"modified":"2025-04-19T09:29:12","modified_gmt":"2025-04-19T09:29:12","slug":"fabian-miki","status":"publish","type":"page","link":"https:\/\/forcegym.hu\/start\/fabian-miki\/","title":{"rendered":"F\u00e1bi\u00e1n Miki"},"content":{"rendered":"<p>[vc_row parallax=&#8221;content-moving-fade&#8221; parallax_image=&#8221;2825&#8243; css=&#8221;.vc_custom_1460017614090{padding-top: 50px !important;padding-bottom: 50px !important;background-color: #eaeaea !important;background-position: center;background-repeat: no-repeat !important;background-size: cover !important;}&#8221;][vc_column][vc_row_inner][vc_column_inner width=&#8221;1\/2&#8243;]<div class=\"trailer_box\"><img class=\"scale-with-grid\" src=\"https:\/\/forcegym.hu\/start\/wp-content\/uploads\/2015\/06\/fabian_miki_.jpg\" alt=\"fabian_miki_\" width=\"800\" height=\"600\"\/><div class=\"desc\"><div class=\"subtitle\">\u201c Tedd, vagy ne tedd,de ne pr\u00f3b\u00e1ld ! \u201d<\/div><h2>F\u00e1bi\u00e1n Miki<\/h2><div class=\"line\"><\/div><\/div><\/div>\n[\/vc_column_inner][vc_column_inner width=&#8221;1\/2&#8243;][vc_column_text css_animation=&#8221;right-to-left&#8221;]<\/p>\n<p style=\"text-align: justify;\"><span style=\"color: #ffffff;\">F\u00e1bi\u00e1n Mikl\u00f3snak h\u00edvnak az akad\u00e1lyfut\u00e1ssal \u00e9s a Spartan Raccel 2012-ben ismerkedtem meg az els\u0151 eur\u00f3pai versenyen Szlov\u00e1ki\u00e1ban! Akkor tudtam, hogy ez az amit eg\u00e9sz \u00e9letemben kerestem. M\u00e1r gyerekk\u00e9nt a mozg\u00e1s volt a l\u00e9telemem v a szabadban, k\u00faszni, m\u00e1szni, futni, ugrani&#8230;.. mindennapos elfolglalts\u00e1g volt sz\u00e1momra. Ismereteimet a Testnelev\u00e9si Egyetemen folytattam, majd lediplom\u00e1ztam. A Spartan Sgx egy nagyon komplex edz\u00e9sm\u00f3dszer, igaz haz\u00e1nkban m\u00e9g gyerekcip\u0151ben j\u00e1r. Nem csak a funkcon\u00e1lis edz\u00e9sm\u00f3dszerek, a terepfut\u00e1s-fut\u00e1s, akad\u00e1lytechnikai elemek, hanem a t\u00e1pl\u00e1lkoz\u00e1s \u00e9s pszichiol\u00f3gia is a r\u00e9szei k\u00f6z\u00e9 tartozik. \u00c9z\u00e9rt v\u00e9geztem el 2014 nyar\u00e1n v\u00e9geztem el Spanyolorsz\u00e1gban a k\u00e9pz\u00e9st, amely sok \u00faj dolgot mutatott.<\/span><\/p>\n<p style=\"text-align: justify;\"><span style=\"color: #ffffff;\">Szeretem a kih\u00edv\u00e1sokat, a \u00faj dolgokat, az akad\u00e1lyfut\u00e1s sz\u00e1momra a legt\u00f6bbet tudja adni a sportol\u00e1s,versenyz\u00e9s vil\u00e1g\u00e1ban, ahol szinte minden k\u00e9pess\u00e9gedet haszn\u00e1lnod kell a p\u00e1ly\u00e1k teljes\u00edt\u00e9s\u00e9hez.<\/span><\/p>\n<p style=\"text-align: justify;\"><span style=\"color: #ffffff;\">N\u00e9zd \u00e1t a programot, ha elnyerte teszt\u00e9sed, hozz egy komoly d\u00f6nt\u00e9st, \u00e9s kezdj\u00fck el a munk\u00e1t hossz\u00fat\u00e1von. Rem\u00e9lem meghoztam a kedved !:)<\/span><\/p>\n<p style=\"text-align: justify;\"><span style=\"color: #ffffff;\">\u201c Tedd, vagy ne tedd,de ne pr\u00f3b\u00e1ld ! \u201d &nbsp;&nbsp;&nbsp;&nbsp;&#8211; Yoda<\/span><\/p>\n<a class=\"wp-colorbox-inline\" href=\"#inline_content\">K\u00e9rd szem\u00e9lyi edz\u00e9sre vonatkoz\u00f3 aj\u00e1nlatomat!<\/a>\n<div style=\"display: none;\">\n<div id=\"inline_content\">\n<div class=\"wpcf7 no-js\" id=\"wpcf7-f2834-o1\" lang=\"hu-HU\" dir=\"ltr\">\n<div class=\"screen-reader-response\"><p role=\"status\" aria-live=\"polite\" aria-atomic=\"true\"><\/p> <ul><\/ul><\/div>\n<form action=\"\/start\/wp-json\/wp\/v2\/pages\/2608#wpcf7-f2834-o1\" method=\"post\" class=\"wpcf7-form init cf7-style\" aria-label=\"Kapcsolatfelv\u00e9teli \u0171rlap\" novalidate=\"novalidate\" data-status=\"init\">\n<div style=\"display: none;\">\n<input type=\"hidden\" name=\"_wpcf7\" value=\"2834\" \/>\n<input type=\"hidden\" name=\"_wpcf7_version\" value=\"5.7.6\" \/>\n<input type=\"hidden\" name=\"_wpcf7_locale\" value=\"hu_HU\" \/>\n<input type=\"hidden\" name=\"_wpcf7_unit_tag\" value=\"wpcf7-f2834-o1\" \/>\n<input type=\"hidden\" name=\"_wpcf7_container_post\" value=\"0\" \/>\n<input type=\"hidden\" name=\"_wpcf7_posted_data_hash\" value=\"\" \/>\n<\/div>\n<p>N\u00e9v (k\u00f6telez\u0151)\n<\/p>\n<p><span class=\"wpcf7-form-control-wrap\" data-name=\"your-name\"><input size=\"40\" class=\"wpcf7-form-control wpcf7-text wpcf7-validates-as-required\" aria-required=\"true\" aria-invalid=\"false\" value=\"\" type=\"text\" name=\"your-name\" \/><\/span>\n<\/p>\n<p>Email c\u00edm (k\u00f6telez\u0151)\n<\/p>\n<p><span class=\"wpcf7-form-control-wrap\" data-name=\"your-email\"><input size=\"40\" class=\"wpcf7-form-control wpcf7-text wpcf7-email wpcf7-validates-as-required wpcf7-validates-as-email\" aria-required=\"true\" aria-invalid=\"false\" value=\"\" type=\"email\" name=\"your-email\" \/><\/span>\n<\/p>\n<p>\u00dczenet\n<\/p>\n<p><span class=\"wpcf7-form-control-wrap\" data-name=\"your-message\"><textarea cols=\"40\" rows=\"10\" class=\"wpcf7-form-control wpcf7-textarea\" aria-invalid=\"false\" name=\"your-message\"><\/textarea><\/span>\n<\/p>\n<p><input class=\"wpcf7-form-control has-spinner wpcf7-submit\" type=\"submit\" value=\"K\u00fcld\u00e9s\" \/>\n<\/p><input type=\"hidden\" id=\"ct_checkjs_cf7_6c4b761a28b734fe93831e3fb400ce87\" name=\"ct_checkjs_cf7\" value=\"0\" \/><input \n        id=\"apbct__email_id__wp_contact_form_7_98721\" \n        class=\"apbct_special_field apbct__email_id__wp_contact_form_7\"\n        autocomplete=\"off\" \n        name=\"apbct__email_id__wp_contact_form_7_98721\"  \n        type=\"text\" \n        value=\"\" \n        size=\"30\" \n        maxlength=\"200\" \n    \/><input \n        id=\"apbct_event_id\"\n        class=\"apbct_special_field\"\n        name=\"apbct_event_id\"\n        type=\"hidden\" \n        value=\"98721\" \n            \/><div class=\"wpcf7-response-output\" aria-hidden=\"true\"><\/div>\n<\/form>\n<\/div>\n<\/div>\n<\/div>\n<p>[\/vc_column_text][\/vc_column_inner][\/vc_row_inner][\/vc_column][\/vc_row][vc_row][vc_column][vc_column_text css_animation=&#8221;right-to-left&#8221;]<\/p>\n<h3 style=\"text-align: left;\">Miki edz\u00e9sei<\/h3>\n<p>[\/vc_column_text][\/vc_column][\/vc_row][vc_row][vc_column width=&#8221;1\/4&#8243;]<div class=\"trailer_box\"><img class=\"scale-with-grid\" src=\"\" alt=\"\" width=\"\" height=\"\"\/><div class=\"desc\"><div class=\"subtitle\">``K\u00e9rd szem\u00e9lyi edz\u00e9sre vonatkoz\u00f3 aj\u00e1nlatomat!``<\/div><h2>SZEM\u00c9LYI EDZ\u00c9S<\/h2><div class=\"line\"><\/div><\/div><\/div>\n[vc_column_text css_animation=&#8221;top-to-bottom&#8221;]<\/p>\n<p style=\"text-align: center;\"><a class=\"wp-colorbox-inline\" href=\"#inline_content\">K\u00e9rd szem\u00e9lyi edz\u00e9sre vonatkoz\u00f3 aj\u00e1nlatomat ITT!<\/a><\/p>\n<div style=\"display: none;\">\n<div id=\"inline_content\" style=\"text-align: center;\">\n<div class=\"wpcf7 no-js\" id=\"wpcf7-f2834-o2\" lang=\"hu-HU\" dir=\"ltr\">\n<div class=\"screen-reader-response\"><p role=\"status\" aria-live=\"polite\" aria-atomic=\"true\"><\/p> <ul><\/ul><\/div>\n<form action=\"\/start\/wp-json\/wp\/v2\/pages\/2608#wpcf7-f2834-o2\" method=\"post\" class=\"wpcf7-form init cf7-style\" aria-label=\"Kapcsolatfelv\u00e9teli \u0171rlap\" novalidate=\"novalidate\" data-status=\"init\">\n<div style=\"display: none;\">\n<input type=\"hidden\" name=\"_wpcf7\" value=\"2834\" \/>\n<input type=\"hidden\" name=\"_wpcf7_version\" value=\"5.7.6\" \/>\n<input type=\"hidden\" name=\"_wpcf7_locale\" value=\"hu_HU\" \/>\n<input type=\"hidden\" name=\"_wpcf7_unit_tag\" value=\"wpcf7-f2834-o2\" \/>\n<input type=\"hidden\" name=\"_wpcf7_container_post\" value=\"0\" \/>\n<input type=\"hidden\" name=\"_wpcf7_posted_data_hash\" value=\"\" \/>\n<\/div>\n<p>N\u00e9v (k\u00f6telez\u0151)\n<\/p>\n<p><span class=\"wpcf7-form-control-wrap\" data-name=\"your-name\"><input size=\"40\" class=\"wpcf7-form-control wpcf7-text wpcf7-validates-as-required\" aria-required=\"true\" aria-invalid=\"false\" value=\"\" type=\"text\" name=\"your-name\" \/><\/span>\n<\/p>\n<p>Email c\u00edm (k\u00f6telez\u0151)\n<\/p>\n<p><span class=\"wpcf7-form-control-wrap\" data-name=\"your-email\"><input size=\"40\" class=\"wpcf7-form-control wpcf7-text wpcf7-email wpcf7-validates-as-required wpcf7-validates-as-email\" aria-required=\"true\" aria-invalid=\"false\" value=\"\" type=\"email\" name=\"your-email\" \/><\/span>\n<\/p>\n<p>\u00dczenet\n<\/p>\n<p><span class=\"wpcf7-form-control-wrap\" data-name=\"your-message\"><textarea cols=\"40\" rows=\"10\" class=\"wpcf7-form-control wpcf7-textarea\" aria-invalid=\"false\" name=\"your-message\"><\/textarea><\/span>\n<\/p>\n<p><input class=\"wpcf7-form-control has-spinner wpcf7-submit\" type=\"submit\" value=\"K\u00fcld\u00e9s\" \/>\n<\/p><input type=\"hidden\" id=\"ct_checkjs_cf7_c32d9bf27a3da7ec8163957080c8628e\" name=\"ct_checkjs_cf7\" value=\"0\" \/><input \n        id=\"apbct__email_id__wp_contact_form_7_21662\" \n        class=\"apbct_special_field apbct__email_id__wp_contact_form_7\"\n        autocomplete=\"off\" \n        name=\"apbct__email_id__wp_contact_form_7_21662\"  \n        type=\"text\" \n        value=\"\" \n        size=\"30\" \n        maxlength=\"200\" \n    \/><input \n        id=\"apbct_event_id\"\n        class=\"apbct_special_field\"\n        name=\"apbct_event_id\"\n        type=\"hidden\" \n        value=\"21662\" \n            \/><div class=\"wpcf7-response-output\" aria-hidden=\"true\"><\/div>\n<\/form>\n<\/div>\n<\/div>\n<\/div>\n<p>[\/vc_column_text][\/vc_column][vc_column width=&#8221;1\/4&#8243;]<div class=\"trailer_box\"><a href=\"\/start\/portfolio-item\/spartan_sgx\/\" ><img class=\"scale-with-grid\" src=\"\" alt=\"\" width=\"\" height=\"\"\/><div class=\"desc\"><h2>spartan sgx<\/h2><div class=\"line\"><\/div><\/div><\/a><\/div>\n[\/vc_column][vc_column width=&#8221;1\/4&#8243;]<div class=\"trailer_box\"><a href=\"\/start\/portfolio-item\/trx\/\" ><img class=\"scale-with-grid\" src=\"https:\/\/forcegym.hu\/start\/wp-content\/uploads\/2014\/04\/port_trx.png\" alt=\"port_trx\" width=\"800\" height=\"600\"\/><div class=\"desc\"><h2>trx<\/h2><div class=\"line\"><\/div><\/div><\/a><\/div>\n[\/vc_column][vc_column width=&#8221;1\/4&#8243;]<div class=\"trailer_box\"><a href=\"\/start\/portfolio-item\/crosstraining\/\" ><img class=\"scale-with-grid\" src=\"https:\/\/forcegym.hu\/start\/wp-content\/uploads\/2014\/05\/port_cross.png\" alt=\"port_cross\" width=\"800\" height=\"600\"\/><div class=\"desc\"><h2>cross training<\/h2><div class=\"line\"><\/div><\/div><\/a><\/div>\n[\/vc_column][\/vc_row]<\/p>\n","protected":false},"excerpt":{"rendered":"<p>[vc_row parallax=&#8221;content-moving-fade&#8221; parallax_image=&#8221;2825&#8243; css=&#8221;.vc_custom_1460017614090{padding-top: 50px !important;padding-bottom: 50px !important;background-color: #eaeaea !important;background-position: center;background-repeat: no-repeat !important;background-size: cover !important;}&#8221;][vc_column][vc_row_inner][vc_column_inner width=&#8221;1\/2&#8243;][\/vc_column_inner][vc_column_inner width=&#8221;1\/2&#8243;][vc_column_text css_animation=&#8221;right-to-left&#8221;] F\u00e1bi\u00e1n Mikl\u00f3snak h\u00edvnak az akad\u00e1lyfut\u00e1ssal \u00e9s a Spartan Raccel 2012-ben ismerkedtem meg<span class=\"excerpt-hellip\"> [\u2026]<\/span><\/p>\n","protected":false},"author":1,"featured_media":0,"parent":0,"menu_order":0,"comment_status":"closed","ping_status":"closed","template":"","meta":[],"_links":{"self":[{"href":"https:\/\/forcegym.hu\/start\/wp-json\/wp\/v2\/pages\/2608"}],"collection":[{"href":"https:\/\/forcegym.hu\/start\/wp-json\/wp\/v2\/pages"}],"about":[{"href":"https:\/\/forcegym.hu\/start\/wp-json\/wp\/v2\/types\/page"}],"author":[{"embeddable":true,"href":"https:\/\/forcegym.hu\/start\/wp-json\/wp\/v2\/users\/1"}],"replies":[{"embeddable":true,"href":"https:\/\/forcegym.hu\/start\/wp-json\/wp\/v2\/comments?post=2608"}],"version-history":[{"count":52,"href":"https:\/\/forcegym.hu\/start\/wp-json\/wp\/v2\/pages\/2608\/revisions"}],"predecessor-version":[{"id":4641,"href":"https:\/\/forcegym.hu\/start\/wp-json\/wp\/v2\/pages\/2608\/revisions\/4641"}],"wp:attachment":[{"href":"https:\/\/forcegym.hu\/start\/wp-json\/wp\/v2\/media?parent=2608"}],"curies":[{"name":"wp","href":"https:\/\/api.w.org\/{rel}","templated":true}]}}